{"id":242,"date":"2021-03-09T18:20:36","date_gmt":"2021-03-09T17:20:36","guid":{"rendered":"https:\/\/le-6-espace-rencontre-et-initiatives.fr\/?page_id=242"},"modified":"2021-03-09T18:23:21","modified_gmt":"2021-03-09T17:23:21","slug":"a-lorigine-de-ce-film","status":"publish","type":"page","link":"https:\/\/le-6-espace-rencontre-et-initiatives.fr\/index.php\/a-lorigine-de-ce-film\/","title":{"rendered":"A l&rsquo;origine de ce film"},"content":{"rendered":"\n<p>Il y a eu une collecte de plus de 50 r\u00e9cits sur le sac \u00e0 dos aupr\u00e8s de personnes \u00e0 la rue : sa place et son importance dans leurs vies d\u2019errance.<br><br><strong>A partir de ces r\u00e9cits, un collectif est n\u00e9 : le collectif \u00ab Le sac, ma maison \u00bb<\/strong><\/p>\n\n\n\n<p>Des cin\u00e9astes, Emmanuelle Huchet et Eurydice Calm\u00e9jane, ont eu connaissance des r\u00e9cits et ont souhait\u00e9 faire un film \u00e0 partir de ces \u00e9cris.<\/p>\n\n\n\n<p>La d\u00e9cision de r\u00e9aliser un film a \u00e9t\u00e9 prise avec l\u2019accord de quelques-uns qui avaient \u00e9crits ces r\u00e9cits.<\/p>\n\n\n\n<p>Le collectif a demand\u00e9 l\u2019aide de l&rsquo;association \u00ab Accueillir et Partager \u00bb de Rennes pour la collecte des financements.<br>Diff\u00e9rentes aides financi\u00e8res sont venues en premier de particuliers et d\u2019organismes priv\u00e9s.<\/p>\n\n\n\n<p>Une personne du service de la culture du Conseil R\u00e9gional nous a propos\u00e9 de demander de faire appel \u00e0 une soci\u00e9t\u00e9 de production de films.<br>La soci\u00e9t\u00e9 JPL Films nous a accord\u00e9 son aide administrative, technique et permis des aides publiques : le Conseil R\u00e9gional, le Conseil G\u00e9n\u00e9ral, Rennes-M\u00e9tropole.<\/p>\n\n\n\n<p>Le tournage du film a eu lieu aux mois de Septembre et d\u2019Octobre 2011.<br>Il a \u00e9t\u00e9 r\u00e9alis\u00e9 dans un lieu d\u2019accueil, dans des appartements, dans un jardin et sur une place de Rennes.<\/p>\n\n\n\n<p>Il a consist\u00e9 en 4 apr\u00e8s-midi de rencontres avec des personnes qui ont accept\u00e9es d\u2019exprimer quelque chose de leurs parcours d\u2019un temps d\u2019errance et comment elles avaient r\u00e9ussi \u00e0 reprendre pied dans la soci\u00e9t\u00e9.<br>Il y a eu le tournage d\u2019un certain nombre de r\u00e9cits sur le sac \u00e0 dos avec les personnes qui les avaient \u00e9crits.<\/p>\n\n\n\n<p>30 personnes ont particip\u00e9 \u00e0 ce tournage :<\/p>\n\n\n\n<ul class=\"wp-block-list\"><li>La prise d\u2019image a \u00e9t\u00e9 faite par Fabien Drouet<\/li><li>La prise de son par Pablo Salaun.<\/li><li>Le film a \u00e9t\u00e9 fa\u00e7onn\u00e9 par les cin\u00e9astes sur Paris<\/li><li>le montage r\u00e9alis\u00e9 par Anne-Catherine Maille<\/li><li>Henri Puizillout pour le mixage.<\/li><\/ul>\n\n\n\n<p>Cela a abouti \u00e0 3 films :<\/p>\n\n\n\n<ul class=\"wp-block-list\"><li>\u00ab Le sac, ma maison \u00bb,<\/li><li>\u00ab Le jardin de Dany \u00bb,<\/li><li>et un bonus : \u00ab Philippe et Annie \u00bb<\/li><\/ul>\n\n\n\n<p>Des projections de ce film ont eu lieu \u00e0 Rennes (cin\u00e9ma l\u2019Arvor, le Triangle, les Champs Libres) et dans des salles de petites villes autour de Rennes.<\/p>\n\n\n\n<p>Il est suivi d\u2019un \u00e9change avec certaines personnes qui ont particip\u00e9 \u00e0 la r\u00e9alisation de ce film.<\/p>\n\n\n\n<p><\/p>\n","protected":false},"excerpt":{"rendered":"<p>Il y a eu une collecte de plus de 50 r\u00e9cits sur le sac \u00e0 dos aupr\u00e8s de personnes \u00e0<\/p>\n","protected":false},"author":1,"featured_media":0,"parent":0,"menu_order":0,"comment_status":"closed","ping_status":"closed","template":"","meta":{"_monsterinsights_skip_tracking":false,"_monsterinsights_sitenote_active":false,"_monsterinsights_sitenote_note":"","_monsterinsights_sitenote_category":0,"ngg_post_thumbnail":0,"footnotes":""},"class_list":["post-242","page","type-page","status-publish","hentry","comments-off"],"yoast_head":"<!-- This site is optimized with the Yoast SEO plugin v27.5 - https:\/\/yoast.com\/product\/yoast-seo-wordpress\/ -->\n<title>A l&#039;origine de ce film - Le 6 Espace Rencontre et Initiatives<\/title>\n<meta name=\"robots\" content=\"index, follow, max-snippet:-1, max-image-preview:large, max-video-preview:-1\" \/>\n<link rel=\"canonical\" href=\"https:\/\/le-6-espace-rencontre-et-initiatives.fr\/index.php\/a-lorigine-de-ce-film\/\" \/>\n<meta property=\"og:locale\" content=\"fr_FR\" \/>\n<meta property=\"og:type\" content=\"article\" \/>\n<meta property=\"og:title\" content=\"A l&#039;origine de ce film - Le 6 Espace Rencontre et Initiatives\" \/>\n<meta property=\"og:description\" content=\"Il y a eu une collecte de plus de 50 r\u00e9cits sur le sac \u00e0 dos aupr\u00e8s de personnes \u00e0\" \/>\n<meta property=\"og:url\" content=\"https:\/\/le-6-espace-rencontre-et-initiatives.fr\/index.php\/a-lorigine-de-ce-film\/\" \/>\n<meta property=\"og:site_name\" content=\"Le 6 Espace Rencontre et Initiatives\" \/>\n<meta property=\"article:publisher\" content=\"https:\/\/www.facebook.com\/espacerencontrele6rennes\" \/>\n<meta property=\"article:modified_time\" content=\"2021-03-09T17:23:21+00:00\" \/>\n<meta name=\"twitter:card\" content=\"summary_large_image\" \/>\n<meta name=\"twitter:label1\" content=\"Dur\u00e9e de lecture estim\u00e9e\" \/>\n\t<meta name=\"twitter:data1\" content=\"2 minutes\" \/>\n<script type=\"application\/ld+json\" class=\"yoast-schema-graph\">{\"@context\":\"https:\\\/\\\/schema.org\",\"@graph\":[{\"@type\":\"WebPage\",\"@id\":\"https:\\\/\\\/le-6-espace-rencontre-et-initiatives.fr\\\/index.php\\\/a-lorigine-de-ce-film\\\/\",\"url\":\"https:\\\/\\\/le-6-espace-rencontre-et-initiatives.fr\\\/index.php\\\/a-lorigine-de-ce-film\\\/\",\"name\":\"A l'origine de ce film - Le 6 Espace Rencontre et Initiatives\",\"isPartOf\":{\"@id\":\"https:\\\/\\\/le-6-espace-rencontre-et-initiatives.fr\\\/#website\"},\"datePublished\":\"2021-03-09T17:20:36+00:00\",\"dateModified\":\"2021-03-09T17:23:21+00:00\",\"breadcrumb\":{\"@id\":\"https:\\\/\\\/le-6-espace-rencontre-et-initiatives.fr\\\/index.php\\\/a-lorigine-de-ce-film\\\/#breadcrumb\"},\"inLanguage\":\"fr-FR\",\"potentialAction\":[{\"@type\":\"ReadAction\",\"target\":[\"https:\\\/\\\/le-6-espace-rencontre-et-initiatives.fr\\\/index.php\\\/a-lorigine-de-ce-film\\\/\"]}]},{\"@type\":\"BreadcrumbList\",\"@id\":\"https:\\\/\\\/le-6-espace-rencontre-et-initiatives.fr\\\/index.php\\\/a-lorigine-de-ce-film\\\/#breadcrumb\",\"itemListElement\":[{\"@type\":\"ListItem\",\"position\":1,\"name\":\"Accueil\",\"item\":\"https:\\\/\\\/le-6-espace-rencontre-et-initiatives.fr\\\/\"},{\"@type\":\"ListItem\",\"position\":2,\"name\":\"A l&rsquo;origine de ce film\"}]},{\"@type\":\"WebSite\",\"@id\":\"https:\\\/\\\/le-6-espace-rencontre-et-initiatives.fr\\\/#website\",\"url\":\"https:\\\/\\\/le-6-espace-rencontre-et-initiatives.fr\\\/\",\"name\":\"Le 6 Espace Rencontre et Initiatives\",\"description\":\"Ce site pr\u00e9sente une vue d&#039;ensemble de l&#039;histoire et des actions du &quot;6&quot; \u00e0 Rennes\",\"publisher\":{\"@id\":\"https:\\\/\\\/le-6-espace-rencontre-et-initiatives.fr\\\/#organization\"},\"potentialAction\":[{\"@type\":\"SearchAction\",\"target\":{\"@type\":\"EntryPoint\",\"urlTemplate\":\"https:\\\/\\\/le-6-espace-rencontre-et-initiatives.fr\\\/?s={search_term_string}\"},\"query-input\":{\"@type\":\"PropertyValueSpecification\",\"valueRequired\":true,\"valueName\":\"search_term_string\"}}],\"inLanguage\":\"fr-FR\"},{\"@type\":\"Organization\",\"@id\":\"https:\\\/\\\/le-6-espace-rencontre-et-initiatives.fr\\\/#organization\",\"name\":\"Les collectifs du 6\",\"url\":\"https:\\\/\\\/le-6-espace-rencontre-et-initiatives.fr\\\/\",\"logo\":{\"@type\":\"ImageObject\",\"inLanguage\":\"fr-FR\",\"@id\":\"https:\\\/\\\/le-6-espace-rencontre-et-initiatives.fr\\\/#\\\/schema\\\/logo\\\/image\\\/\",\"url\":\"https:\\\/\\\/le-6-espace-rencontre-et-initiatives.fr\\\/wp-content\\\/uploads\\\/2021\\\/01\\\/Logo-Collectifs-du-6.png\",\"contentUrl\":\"https:\\\/\\\/le-6-espace-rencontre-et-initiatives.fr\\\/wp-content\\\/uploads\\\/2021\\\/01\\\/Logo-Collectifs-du-6.png\",\"width\":336,\"height\":342,\"caption\":\"Les collectifs du 6\"},\"image\":{\"@id\":\"https:\\\/\\\/le-6-espace-rencontre-et-initiatives.fr\\\/#\\\/schema\\\/logo\\\/image\\\/\"},\"sameAs\":[\"https:\\\/\\\/www.facebook.com\\\/espacerencontrele6rennes\"]}]}<\/script>\n<!-- \/ Yoast SEO plugin. -->","yoast_head_json":{"title":"A l'origine de ce film - Le 6 Espace Rencontre et Initiatives","robots":{"index":"index","follow":"follow","max-snippet":"max-snippet:-1","max-image-preview":"max-image-preview:large","max-video-preview":"max-video-preview:-1"},"canonical":"https:\/\/le-6-espace-rencontre-et-initiatives.fr\/index.php\/a-lorigine-de-ce-film\/","og_locale":"fr_FR","og_type":"article","og_title":"A l'origine de ce film - Le 6 Espace Rencontre et Initiatives","og_description":"Il y a eu une collecte de plus de 50 r\u00e9cits sur le sac \u00e0 dos aupr\u00e8s de personnes \u00e0","og_url":"https:\/\/le-6-espace-rencontre-et-initiatives.fr\/index.php\/a-lorigine-de-ce-film\/","og_site_name":"Le 6 Espace Rencontre et Initiatives","article_publisher":"https:\/\/www.facebook.com\/espacerencontrele6rennes","article_modified_time":"2021-03-09T17:23:21+00:00","twitter_card":"summary_large_image","twitter_misc":{"Dur\u00e9e de lecture estim\u00e9e":"2 minutes"},"schema":{"@context":"https:\/\/schema.org","@graph":[{"@type":"WebPage","@id":"https:\/\/le-6-espace-rencontre-et-initiatives.fr\/index.php\/a-lorigine-de-ce-film\/","url":"https:\/\/le-6-espace-rencontre-et-initiatives.fr\/index.php\/a-lorigine-de-ce-film\/","name":"A l'origine de ce film - Le 6 Espace Rencontre et Initiatives","isPartOf":{"@id":"https:\/\/le-6-espace-rencontre-et-initiatives.fr\/#website"},"datePublished":"2021-03-09T17:20:36+00:00","dateModified":"2021-03-09T17:23:21+00:00","breadcrumb":{"@id":"https:\/\/le-6-espace-rencontre-et-initiatives.fr\/index.php\/a-lorigine-de-ce-film\/#breadcrumb"},"inLanguage":"fr-FR","potentialAction":[{"@type":"ReadAction","target":["https:\/\/le-6-espace-rencontre-et-initiatives.fr\/index.php\/a-lorigine-de-ce-film\/"]}]},{"@type":"BreadcrumbList","@id":"https:\/\/le-6-espace-rencontre-et-initiatives.fr\/index.php\/a-lorigine-de-ce-film\/#breadcrumb","itemListElement":[{"@type":"ListItem","position":1,"name":"Accueil","item":"https:\/\/le-6-espace-rencontre-et-initiatives.fr\/"},{"@type":"ListItem","position":2,"name":"A l&rsquo;origine de ce film"}]},{"@type":"WebSite","@id":"https:\/\/le-6-espace-rencontre-et-initiatives.fr\/#website","url":"https:\/\/le-6-espace-rencontre-et-initiatives.fr\/","name":"Le 6 Espace Rencontre et Initiatives","description":"Ce site pr\u00e9sente une vue d&#039;ensemble de l&#039;histoire et des actions du &quot;6&quot; \u00e0 Rennes","publisher":{"@id":"https:\/\/le-6-espace-rencontre-et-initiatives.fr\/#organization"},"potentialAction":[{"@type":"SearchAction","target":{"@type":"EntryPoint","urlTemplate":"https:\/\/le-6-espace-rencontre-et-initiatives.fr\/?s={search_term_string}"},"query-input":{"@type":"PropertyValueSpecification","valueRequired":true,"valueName":"search_term_string"}}],"inLanguage":"fr-FR"},{"@type":"Organization","@id":"https:\/\/le-6-espace-rencontre-et-initiatives.fr\/#organization","name":"Les collectifs du 6","url":"https:\/\/le-6-espace-rencontre-et-initiatives.fr\/","logo":{"@type":"ImageObject","inLanguage":"fr-FR","@id":"https:\/\/le-6-espace-rencontre-et-initiatives.fr\/#\/schema\/logo\/image\/","url":"https:\/\/le-6-espace-rencontre-et-initiatives.fr\/wp-content\/uploads\/2021\/01\/Logo-Collectifs-du-6.png","contentUrl":"https:\/\/le-6-espace-rencontre-et-initiatives.fr\/wp-content\/uploads\/2021\/01\/Logo-Collectifs-du-6.png","width":336,"height":342,"caption":"Les collectifs du 6"},"image":{"@id":"https:\/\/le-6-espace-rencontre-et-initiatives.fr\/#\/schema\/logo\/image\/"},"sameAs":["https:\/\/www.facebook.com\/espacerencontrele6rennes"]}]}},"_links":{"self":[{"href":"https:\/\/le-6-espace-rencontre-et-initiatives.fr\/index.php\/wp-json\/wp\/v2\/pages\/242","targetHints":{"allow":["GET"]}}],"collection":[{"href":"https:\/\/le-6-espace-rencontre-et-initiatives.fr\/index.php\/wp-json\/wp\/v2\/pages"}],"about":[{"href":"https:\/\/le-6-espace-rencontre-et-initiatives.fr\/index.php\/wp-json\/wp\/v2\/types\/page"}],"author":[{"embeddable":true,"href":"https:\/\/le-6-espace-rencontre-et-initiatives.fr\/index.php\/wp-json\/wp\/v2\/users\/1"}],"replies":[{"embeddable":true,"href":"https:\/\/le-6-espace-rencontre-et-initiatives.fr\/index.php\/wp-json\/wp\/v2\/comments?post=242"}],"version-history":[{"count":0,"href":"https:\/\/le-6-espace-rencontre-et-initiatives.fr\/index.php\/wp-json\/wp\/v2\/pages\/242\/revisions"}],"wp:attachment":[{"href":"https:\/\/le-6-espace-rencontre-et-initiatives.fr\/index.php\/wp-json\/wp\/v2\/media?parent=242"}],"curies":[{"name":"wp","href":"https:\/\/api.w.org\/{rel}","templated":true}]}}