{"id":225,"date":"2021-03-08T18:40:29","date_gmt":"2021-03-08T17:40:29","guid":{"rendered":"https:\/\/le-6-espace-rencontre-et-initiatives.fr\/?page_id=225"},"modified":"2023-09-24T20:14:27","modified_gmt":"2023-09-24T18:14:27","slug":"film-lappel-de-la-vie","status":"publish","type":"page","link":"https:\/\/le-6-espace-rencontre-et-initiatives.fr\/index.php\/film-lappel-de-la-vie\/","title":{"rendered":"Film L\u2019appel de la vie"},"content":{"rendered":"<div class=\"wp-block-image\">\n<figure class=\"aligncenter size-large\"><img loading=\"lazy\" decoding=\"async\" width=\"1024\" height=\"576\" src=\"https:\/\/le-6-espace-rencontre-et-initiatives.fr\/wp-content\/uploads\/2021\/03\/2-APPEL-DE-LA-VIE-1024x576.jpg\" alt=\"\" class=\"wp-image-230\" srcset=\"https:\/\/le-6-espace-rencontre-et-initiatives.fr\/wp-content\/uploads\/2021\/03\/2-APPEL-DE-LA-VIE-1024x576.jpg 1024w, https:\/\/le-6-espace-rencontre-et-initiatives.fr\/wp-content\/uploads\/2021\/03\/2-APPEL-DE-LA-VIE-300x169.jpg 300w, https:\/\/le-6-espace-rencontre-et-initiatives.fr\/wp-content\/uploads\/2021\/03\/2-APPEL-DE-LA-VIE-768x432.jpg 768w, https:\/\/le-6-espace-rencontre-et-initiatives.fr\/wp-content\/uploads\/2021\/03\/2-APPEL-DE-LA-VIE-1536x864.jpg 1536w, https:\/\/le-6-espace-rencontre-et-initiatives.fr\/wp-content\/uploads\/2021\/03\/2-APPEL-DE-LA-VIE-480x270.jpg 480w, https:\/\/le-6-espace-rencontre-et-initiatives.fr\/wp-content\/uploads\/2021\/03\/2-APPEL-DE-LA-VIE.jpg 1920w\" sizes=\"auto, (max-width: 1024px) 100vw, 1024px\" \/><\/figure>\n<\/div>\n\n\n<p>Joachim, Jean-Louis, Jean-Fran\u00e7ois, Marie-France, Philippe, St\u00e9phanie ont demand\u00e9 qu&rsquo;une nouvelle vid\u00e9o soit r\u00e9alis\u00e9e \u00e0 partir de leurs t\u00e9moignages.<\/p>\n\n\n\n<p>Avant la r\u00e9alisation concr\u00e8te de cette vid\u00e9o, quelques rencontres ont eu lieu pour la pr\u00e9parer : chacun a exprim\u00e9 sa vie \u00e0 la rue, ce qui l&rsquo;a motiv\u00e9 pour quitter la rue et les addictions, s&rsquo;ouvrir \u00e0 une nouvelle vie. A chaque rencontre une reprise a \u00e9t\u00e9 faite de ce qui avait \u00e9t\u00e9 exprim\u00e9 pour mieux pr\u00e9ciser le contenu des t\u00e9moignages.<\/p>\n\n\n\n<p>C&rsquo;est Emmanuel Massou qui a recueilli les 6 t\u00e9moignages pour en faire une vid\u00e9o. Ce documentaire est l&rsquo;aboutissement d&rsquo;un travail collectif entre le r\u00e9alisateur et les 6 personnes qui ont t\u00e9moign\u00e9.<br>Celles-ci souhaitent que cette vid\u00e9o soit diffus\u00e9e en priorit\u00e9 \u00e0 des jeunes pour qu&rsquo;ils ne s&rsquo;engagent pas dans un m\u00eame parcours de gal\u00e8re.<\/p>\n\n\n\n<p>Une avant-premi\u00e8re a eu lieu le 25 juin 2020 dans un entrep\u00f4t commercial d\u00e9saffect\u00e9. Environ une quarantaine de personnes \u00e9taient pr\u00e9sentes.<\/p>\n\n\n\n<p><a href=\"https:\/\/le-6-espace-rencontre-et-initiatives.fr\/wp-content\/uploads\/2023\/09\/Affiche-du-film-lappel-de-la-vie.pdf\">Cliquez ici p<\/a><a href=\"https:\/\/le-6-espace-rencontre-et-initiatives.fr\/wp-content\/uploads\/2023\/09\/Affiche-du-film-lappel-de-la-vie.pdf\" target=\"_blank\" rel=\"noreferrer noopener\">our voir l&rsquo;affiche du film >><\/a><\/p>\n","protected":false},"excerpt":{"rendered":"<p>Joachim, Jean-Louis, Jean-Fran\u00e7ois, Marie-France, Philippe, St\u00e9phanie ont demand\u00e9 qu&rsquo;une nouvelle vid\u00e9o soit r\u00e9alis\u00e9e \u00e0 partir de leurs t\u00e9moignages. Avant la<\/p>\n","protected":false},"author":1,"featured_media":0,"parent":0,"menu_order":0,"comment_status":"closed","ping_status":"closed","template":"","meta":{"_monsterinsights_skip_tracking":false,"_monsterinsights_sitenote_active":false,"_monsterinsights_sitenote_note":"","_monsterinsights_sitenote_category":0,"ngg_post_thumbnail":0,"footnotes":""},"class_list":["post-225","page","type-page","status-publish","hentry","comments-off"],"yoast_head":"<!-- This site is optimized with the Yoast SEO plugin v27.6 - https:\/\/yoast.com\/product\/yoast-seo-wordpress\/ -->\n<title>Film L\u2019appel de la vie - Le 6 Espace Rencontre et Initiatives<\/title>\n<meta name=\"robots\" content=\"index, follow, max-snippet:-1, max-image-preview:large, max-video-preview:-1\" \/>\n<link rel=\"canonical\" href=\"https:\/\/le-6-espace-rencontre-et-initiatives.fr\/index.php\/film-lappel-de-la-vie\/\" \/>\n<meta property=\"og:locale\" content=\"fr_FR\" \/>\n<meta property=\"og:type\" content=\"article\" \/>\n<meta property=\"og:title\" content=\"Film L\u2019appel de la vie - Le 6 Espace Rencontre et Initiatives\" \/>\n<meta property=\"og:description\" content=\"Joachim, Jean-Louis, Jean-Fran\u00e7ois, Marie-France, Philippe, St\u00e9phanie ont demand\u00e9 qu&rsquo;une nouvelle vid\u00e9o soit r\u00e9alis\u00e9e \u00e0 partir de leurs t\u00e9moignages. Avant la\" \/>\n<meta property=\"og:url\" content=\"https:\/\/le-6-espace-rencontre-et-initiatives.fr\/index.php\/film-lappel-de-la-vie\/\" \/>\n<meta property=\"og:site_name\" content=\"Le 6 Espace Rencontre et Initiatives\" \/>\n<meta property=\"article:publisher\" content=\"https:\/\/www.facebook.com\/espacerencontrele6rennes\" \/>\n<meta property=\"article:modified_time\" content=\"2023-09-24T18:14:27+00:00\" \/>\n<meta property=\"og:image\" content=\"https:\/\/le-6-espace-rencontre-et-initiatives.fr\/wp-content\/uploads\/2021\/03\/2-APPEL-DE-LA-VIE-1024x576.jpg\" \/>\n<meta name=\"twitter:card\" content=\"summary_large_image\" \/>\n<meta name=\"twitter:label1\" content=\"Dur\u00e9e de lecture estim\u00e9e\" \/>\n\t<meta name=\"twitter:data1\" content=\"2 minutes\" \/>\n<script type=\"application\/ld+json\" class=\"yoast-schema-graph\">{\"@context\":\"https:\\\/\\\/schema.org\",\"@graph\":[{\"@type\":\"WebPage\",\"@id\":\"https:\\\/\\\/le-6-espace-rencontre-et-initiatives.fr\\\/index.php\\\/film-lappel-de-la-vie\\\/\",\"url\":\"https:\\\/\\\/le-6-espace-rencontre-et-initiatives.fr\\\/index.php\\\/film-lappel-de-la-vie\\\/\",\"name\":\"Film L\u2019appel de la vie - Le 6 Espace Rencontre et Initiatives\",\"isPartOf\":{\"@id\":\"https:\\\/\\\/le-6-espace-rencontre-et-initiatives.fr\\\/#website\"},\"primaryImageOfPage\":{\"@id\":\"https:\\\/\\\/le-6-espace-rencontre-et-initiatives.fr\\\/index.php\\\/film-lappel-de-la-vie\\\/#primaryimage\"},\"image\":{\"@id\":\"https:\\\/\\\/le-6-espace-rencontre-et-initiatives.fr\\\/index.php\\\/film-lappel-de-la-vie\\\/#primaryimage\"},\"thumbnailUrl\":\"https:\\\/\\\/le-6-espace-rencontre-et-initiatives.fr\\\/wp-content\\\/uploads\\\/2021\\\/03\\\/2-APPEL-DE-LA-VIE-1024x576.jpg\",\"datePublished\":\"2021-03-08T17:40:29+00:00\",\"dateModified\":\"2023-09-24T18:14:27+00:00\",\"breadcrumb\":{\"@id\":\"https:\\\/\\\/le-6-espace-rencontre-et-initiatives.fr\\\/index.php\\\/film-lappel-de-la-vie\\\/#breadcrumb\"},\"inLanguage\":\"fr-FR\",\"potentialAction\":[{\"@type\":\"ReadAction\",\"target\":[\"https:\\\/\\\/le-6-espace-rencontre-et-initiatives.fr\\\/index.php\\\/film-lappel-de-la-vie\\\/\"]}]},{\"@type\":\"ImageObject\",\"inLanguage\":\"fr-FR\",\"@id\":\"https:\\\/\\\/le-6-espace-rencontre-et-initiatives.fr\\\/index.php\\\/film-lappel-de-la-vie\\\/#primaryimage\",\"url\":\"https:\\\/\\\/le-6-espace-rencontre-et-initiatives.fr\\\/wp-content\\\/uploads\\\/2021\\\/03\\\/2-APPEL-DE-LA-VIE.jpg\",\"contentUrl\":\"https:\\\/\\\/le-6-espace-rencontre-et-initiatives.fr\\\/wp-content\\\/uploads\\\/2021\\\/03\\\/2-APPEL-DE-LA-VIE.jpg\",\"width\":1920,\"height\":1080},{\"@type\":\"BreadcrumbList\",\"@id\":\"https:\\\/\\\/le-6-espace-rencontre-et-initiatives.fr\\\/index.php\\\/film-lappel-de-la-vie\\\/#breadcrumb\",\"itemListElement\":[{\"@type\":\"ListItem\",\"position\":1,\"name\":\"Accueil\",\"item\":\"https:\\\/\\\/le-6-espace-rencontre-et-initiatives.fr\\\/\"},{\"@type\":\"ListItem\",\"position\":2,\"name\":\"Film L\u2019appel de la vie\"}]},{\"@type\":\"WebSite\",\"@id\":\"https:\\\/\\\/le-6-espace-rencontre-et-initiatives.fr\\\/#website\",\"url\":\"https:\\\/\\\/le-6-espace-rencontre-et-initiatives.fr\\\/\",\"name\":\"Le 6 Espace Rencontre et Initiatives\",\"description\":\"Ce site pr\u00e9sente une vue d&#039;ensemble de l&#039;histoire et des actions du &quot;6&quot; \u00e0 Rennes\",\"publisher\":{\"@id\":\"https:\\\/\\\/le-6-espace-rencontre-et-initiatives.fr\\\/#organization\"},\"potentialAction\":[{\"@type\":\"SearchAction\",\"target\":{\"@type\":\"EntryPoint\",\"urlTemplate\":\"https:\\\/\\\/le-6-espace-rencontre-et-initiatives.fr\\\/?s={search_term_string}\"},\"query-input\":{\"@type\":\"PropertyValueSpecification\",\"valueRequired\":true,\"valueName\":\"search_term_string\"}}],\"inLanguage\":\"fr-FR\"},{\"@type\":\"Organization\",\"@id\":\"https:\\\/\\\/le-6-espace-rencontre-et-initiatives.fr\\\/#organization\",\"name\":\"Les collectifs du 6\",\"url\":\"https:\\\/\\\/le-6-espace-rencontre-et-initiatives.fr\\\/\",\"logo\":{\"@type\":\"ImageObject\",\"inLanguage\":\"fr-FR\",\"@id\":\"https:\\\/\\\/le-6-espace-rencontre-et-initiatives.fr\\\/#\\\/schema\\\/logo\\\/image\\\/\",\"url\":\"https:\\\/\\\/le-6-espace-rencontre-et-initiatives.fr\\\/wp-content\\\/uploads\\\/2021\\\/01\\\/Logo-Collectifs-du-6.png\",\"contentUrl\":\"https:\\\/\\\/le-6-espace-rencontre-et-initiatives.fr\\\/wp-content\\\/uploads\\\/2021\\\/01\\\/Logo-Collectifs-du-6.png\",\"width\":336,\"height\":342,\"caption\":\"Les collectifs du 6\"},\"image\":{\"@id\":\"https:\\\/\\\/le-6-espace-rencontre-et-initiatives.fr\\\/#\\\/schema\\\/logo\\\/image\\\/\"},\"sameAs\":[\"https:\\\/\\\/www.facebook.com\\\/espacerencontrele6rennes\"]}]}<\/script>\n<!-- \/ Yoast SEO plugin. -->","yoast_head_json":{"title":"Film L\u2019appel de la vie - Le 6 Espace Rencontre et Initiatives","robots":{"index":"index","follow":"follow","max-snippet":"max-snippet:-1","max-image-preview":"max-image-preview:large","max-video-preview":"max-video-preview:-1"},"canonical":"https:\/\/le-6-espace-rencontre-et-initiatives.fr\/index.php\/film-lappel-de-la-vie\/","og_locale":"fr_FR","og_type":"article","og_title":"Film L\u2019appel de la vie - Le 6 Espace Rencontre et Initiatives","og_description":"Joachim, Jean-Louis, Jean-Fran\u00e7ois, Marie-France, Philippe, St\u00e9phanie ont demand\u00e9 qu&rsquo;une nouvelle vid\u00e9o soit r\u00e9alis\u00e9e \u00e0 partir de leurs t\u00e9moignages. Avant la","og_url":"https:\/\/le-6-espace-rencontre-et-initiatives.fr\/index.php\/film-lappel-de-la-vie\/","og_site_name":"Le 6 Espace Rencontre et Initiatives","article_publisher":"https:\/\/www.facebook.com\/espacerencontrele6rennes","article_modified_time":"2023-09-24T18:14:27+00:00","og_image":[{"url":"https:\/\/le-6-espace-rencontre-et-initiatives.fr\/wp-content\/uploads\/2021\/03\/2-APPEL-DE-LA-VIE-1024x576.jpg","type":"","width":"","height":""}],"twitter_card":"summary_large_image","twitter_misc":{"Dur\u00e9e de lecture estim\u00e9e":"2 minutes"},"schema":{"@context":"https:\/\/schema.org","@graph":[{"@type":"WebPage","@id":"https:\/\/le-6-espace-rencontre-et-initiatives.fr\/index.php\/film-lappel-de-la-vie\/","url":"https:\/\/le-6-espace-rencontre-et-initiatives.fr\/index.php\/film-lappel-de-la-vie\/","name":"Film L\u2019appel de la vie - Le 6 Espace Rencontre et Initiatives","isPartOf":{"@id":"https:\/\/le-6-espace-rencontre-et-initiatives.fr\/#website"},"primaryImageOfPage":{"@id":"https:\/\/le-6-espace-rencontre-et-initiatives.fr\/index.php\/film-lappel-de-la-vie\/#primaryimage"},"image":{"@id":"https:\/\/le-6-espace-rencontre-et-initiatives.fr\/index.php\/film-lappel-de-la-vie\/#primaryimage"},"thumbnailUrl":"https:\/\/le-6-espace-rencontre-et-initiatives.fr\/wp-content\/uploads\/2021\/03\/2-APPEL-DE-LA-VIE-1024x576.jpg","datePublished":"2021-03-08T17:40:29+00:00","dateModified":"2023-09-24T18:14:27+00:00","breadcrumb":{"@id":"https:\/\/le-6-espace-rencontre-et-initiatives.fr\/index.php\/film-lappel-de-la-vie\/#breadcrumb"},"inLanguage":"fr-FR","potentialAction":[{"@type":"ReadAction","target":["https:\/\/le-6-espace-rencontre-et-initiatives.fr\/index.php\/film-lappel-de-la-vie\/"]}]},{"@type":"ImageObject","inLanguage":"fr-FR","@id":"https:\/\/le-6-espace-rencontre-et-initiatives.fr\/index.php\/film-lappel-de-la-vie\/#primaryimage","url":"https:\/\/le-6-espace-rencontre-et-initiatives.fr\/wp-content\/uploads\/2021\/03\/2-APPEL-DE-LA-VIE.jpg","contentUrl":"https:\/\/le-6-espace-rencontre-et-initiatives.fr\/wp-content\/uploads\/2021\/03\/2-APPEL-DE-LA-VIE.jpg","width":1920,"height":1080},{"@type":"BreadcrumbList","@id":"https:\/\/le-6-espace-rencontre-et-initiatives.fr\/index.php\/film-lappel-de-la-vie\/#breadcrumb","itemListElement":[{"@type":"ListItem","position":1,"name":"Accueil","item":"https:\/\/le-6-espace-rencontre-et-initiatives.fr\/"},{"@type":"ListItem","position":2,"name":"Film L\u2019appel de la vie"}]},{"@type":"WebSite","@id":"https:\/\/le-6-espace-rencontre-et-initiatives.fr\/#website","url":"https:\/\/le-6-espace-rencontre-et-initiatives.fr\/","name":"Le 6 Espace Rencontre et Initiatives","description":"Ce site pr\u00e9sente une vue d&#039;ensemble de l&#039;histoire et des actions du &quot;6&quot; \u00e0 Rennes","publisher":{"@id":"https:\/\/le-6-espace-rencontre-et-initiatives.fr\/#organization"},"potentialAction":[{"@type":"SearchAction","target":{"@type":"EntryPoint","urlTemplate":"https:\/\/le-6-espace-rencontre-et-initiatives.fr\/?s={search_term_string}"},"query-input":{"@type":"PropertyValueSpecification","valueRequired":true,"valueName":"search_term_string"}}],"inLanguage":"fr-FR"},{"@type":"Organization","@id":"https:\/\/le-6-espace-rencontre-et-initiatives.fr\/#organization","name":"Les collectifs du 6","url":"https:\/\/le-6-espace-rencontre-et-initiatives.fr\/","logo":{"@type":"ImageObject","inLanguage":"fr-FR","@id":"https:\/\/le-6-espace-rencontre-et-initiatives.fr\/#\/schema\/logo\/image\/","url":"https:\/\/le-6-espace-rencontre-et-initiatives.fr\/wp-content\/uploads\/2021\/01\/Logo-Collectifs-du-6.png","contentUrl":"https:\/\/le-6-espace-rencontre-et-initiatives.fr\/wp-content\/uploads\/2021\/01\/Logo-Collectifs-du-6.png","width":336,"height":342,"caption":"Les collectifs du 6"},"image":{"@id":"https:\/\/le-6-espace-rencontre-et-initiatives.fr\/#\/schema\/logo\/image\/"},"sameAs":["https:\/\/www.facebook.com\/espacerencontrele6rennes"]}]}},"_links":{"self":[{"href":"https:\/\/le-6-espace-rencontre-et-initiatives.fr\/index.php\/wp-json\/wp\/v2\/pages\/225","targetHints":{"allow":["GET"]}}],"collection":[{"href":"https:\/\/le-6-espace-rencontre-et-initiatives.fr\/index.php\/wp-json\/wp\/v2\/pages"}],"about":[{"href":"https:\/\/le-6-espace-rencontre-et-initiatives.fr\/index.php\/wp-json\/wp\/v2\/types\/page"}],"author":[{"embeddable":true,"href":"https:\/\/le-6-espace-rencontre-et-initiatives.fr\/index.php\/wp-json\/wp\/v2\/users\/1"}],"replies":[{"embeddable":true,"href":"https:\/\/le-6-espace-rencontre-et-initiatives.fr\/index.php\/wp-json\/wp\/v2\/comments?post=225"}],"version-history":[{"count":2,"href":"https:\/\/le-6-espace-rencontre-et-initiatives.fr\/index.php\/wp-json\/wp\/v2\/pages\/225\/revisions"}],"predecessor-version":[{"id":12972,"href":"https:\/\/le-6-espace-rencontre-et-initiatives.fr\/index.php\/wp-json\/wp\/v2\/pages\/225\/revisions\/12972"}],"wp:attachment":[{"href":"https:\/\/le-6-espace-rencontre-et-initiatives.fr\/index.php\/wp-json\/wp\/v2\/media?parent=225"}],"curies":[{"name":"wp","href":"https:\/\/api.w.org\/{rel}","templated":true}]}}