{"id":106,"date":"2021-02-20T19:15:11","date_gmt":"2021-02-20T18:15:11","guid":{"rendered":"https:\/\/le-6-espace-rencontre-et-initiatives.fr\/?page_id=106"},"modified":"2021-02-20T19:43:35","modified_gmt":"2021-02-20T18:43:35","slug":"loeuvre-dart-chemin-de-vie","status":"publish","type":"page","link":"https:\/\/le-6-espace-rencontre-et-initiatives.fr\/index.php\/loeuvre-dart-chemin-de-vie\/","title":{"rendered":"L\u2019\u0153uvre d&rsquo;art \u00ab\u00a0Chemin de vie\u00a0\u00bb"},"content":{"rendered":"\n<p>Connaissez vous l\u2019\u0153uvre d&rsquo;art qui a \u00e9t\u00e9 mise en place par le collectif \u00ab\u00a0Le sac ma maison\u00a0\u00bb en bas de la place des Lices \u00e0 Rennes ?<\/p>\n\n\n\n<div class=\"wp-block-image\"><figure class=\"aligncenter size-large\"><img loading=\"lazy\" decoding=\"async\" width=\"617\" height=\"549\" src=\"https:\/\/le-6-espace-rencontre-et-initiatives.fr\/wp-content\/uploads\/2021\/02\/Oeuvre-Chemin-de-vie.jpg\" alt=\"\" class=\"wp-image-128\" srcset=\"https:\/\/le-6-espace-rencontre-et-initiatives.fr\/wp-content\/uploads\/2021\/02\/Oeuvre-Chemin-de-vie.jpg 617w, https:\/\/le-6-espace-rencontre-et-initiatives.fr\/wp-content\/uploads\/2021\/02\/Oeuvre-Chemin-de-vie-300x267.jpg 300w, https:\/\/le-6-espace-rencontre-et-initiatives.fr\/wp-content\/uploads\/2021\/02\/Oeuvre-Chemin-de-vie-303x270.jpg 303w\" sizes=\"auto, (max-width: 617px) 100vw, 617px\" \/><figcaption>Photo de l&rsquo;oeuvre en bas de la Place des Lices<\/figcaption><\/figure><\/div>\n\n\n\n<div class=\"wp-block-image\"><figure class=\"aligncenter size-large\"><img loading=\"lazy\" decoding=\"async\" width=\"1024\" height=\"576\" src=\"https:\/\/le-6-espace-rencontre-et-initiatives.fr\/wp-content\/uploads\/2021\/02\/Photo-de-loeuvre-Chemin-de-vie-pendant-la-pose-1024x576.jpg\" alt=\"\" class=\"wp-image-107\" srcset=\"https:\/\/le-6-espace-rencontre-et-initiatives.fr\/wp-content\/uploads\/2021\/02\/Photo-de-loeuvre-Chemin-de-vie-pendant-la-pose-1024x576.jpg 1024w, https:\/\/le-6-espace-rencontre-et-initiatives.fr\/wp-content\/uploads\/2021\/02\/Photo-de-loeuvre-Chemin-de-vie-pendant-la-pose-300x169.jpg 300w, https:\/\/le-6-espace-rencontre-et-initiatives.fr\/wp-content\/uploads\/2021\/02\/Photo-de-loeuvre-Chemin-de-vie-pendant-la-pose-768x432.jpg 768w, https:\/\/le-6-espace-rencontre-et-initiatives.fr\/wp-content\/uploads\/2021\/02\/Photo-de-loeuvre-Chemin-de-vie-pendant-la-pose-1536x864.jpg 1536w, https:\/\/le-6-espace-rencontre-et-initiatives.fr\/wp-content\/uploads\/2021\/02\/Photo-de-loeuvre-Chemin-de-vie-pendant-la-pose-480x270.jpg 480w, https:\/\/le-6-espace-rencontre-et-initiatives.fr\/wp-content\/uploads\/2021\/02\/Photo-de-loeuvre-Chemin-de-vie-pendant-la-pose.jpg 1600w\" sizes=\"auto, (max-width: 1024px) 100vw, 1024px\" \/><figcaption>La pose de l\u2019\u0153uvre<\/figcaption><\/figure><\/div>\n\n\n\n<p>L\u2019\u0153uvre a \u00e9t\u00e9 inaugur\u00e9e le lundi 13 juin 2016, place du Bas des Lices \u00e0 Rennes : un p\u00f4le information, une projection documentaire sur la r\u00e9alisation de l\u2019\u0153uvre, des musiciens et de nombreuses autres animations avaient alors \u00e9t\u00e9 propos\u00e9s.<\/p>\n\n\n\n<div class=\"wp-block-image\"><figure class=\"aligncenter size-large\"><img loading=\"lazy\" decoding=\"async\" width=\"1024\" height=\"636\" src=\"https:\/\/le-6-espace-rencontre-et-initiatives.fr\/wp-content\/uploads\/2021\/02\/sculpture_chemin_de_vie_-_rennes-1024x636.jpg\" alt=\"\" class=\"wp-image-119\" srcset=\"https:\/\/le-6-espace-rencontre-et-initiatives.fr\/wp-content\/uploads\/2021\/02\/sculpture_chemin_de_vie_-_rennes-1024x636.jpg 1024w, https:\/\/le-6-espace-rencontre-et-initiatives.fr\/wp-content\/uploads\/2021\/02\/sculpture_chemin_de_vie_-_rennes-300x186.jpg 300w, https:\/\/le-6-espace-rencontre-et-initiatives.fr\/wp-content\/uploads\/2021\/02\/sculpture_chemin_de_vie_-_rennes-768x477.jpg 768w, https:\/\/le-6-espace-rencontre-et-initiatives.fr\/wp-content\/uploads\/2021\/02\/sculpture_chemin_de_vie_-_rennes-435x270.jpg 435w, https:\/\/le-6-espace-rencontre-et-initiatives.fr\/wp-content\/uploads\/2021\/02\/sculpture_chemin_de_vie_-_rennes.jpg 1400w\" sizes=\"auto, (max-width: 1024px) 100vw, 1024px\" \/><\/figure><\/div>\n","protected":false},"excerpt":{"rendered":"<p>Connaissez vous l\u2019\u0153uvre d&rsquo;art qui a \u00e9t\u00e9 mise en place par le collectif \u00ab\u00a0Le sac ma maison\u00a0\u00bb en bas de<\/p>\n","protected":false},"author":1,"featured_media":0,"parent":0,"menu_order":0,"comment_status":"closed","ping_status":"closed","template":"","meta":{"_monsterinsights_skip_tracking":false,"_monsterinsights_sitenote_active":false,"_monsterinsights_sitenote_note":"","_monsterinsights_sitenote_category":0,"ngg_post_thumbnail":0,"footnotes":""},"class_list":["post-106","page","type-page","status-publish","hentry","comments-off"],"yoast_head":"<!-- This site is optimized with the Yoast SEO plugin v27.5 - https:\/\/yoast.com\/product\/yoast-seo-wordpress\/ -->\n<title>L\u2019\u0153uvre d&#039;art &quot;Chemin de vie&quot; - Le 6 Espace Rencontre et Initiatives<\/title>\n<meta name=\"robots\" content=\"index, follow, max-snippet:-1, max-image-preview:large, max-video-preview:-1\" \/>\n<link rel=\"canonical\" href=\"https:\/\/le-6-espace-rencontre-et-initiatives.fr\/index.php\/loeuvre-dart-chemin-de-vie\/\" \/>\n<meta property=\"og:locale\" content=\"fr_FR\" \/>\n<meta property=\"og:type\" content=\"article\" \/>\n<meta property=\"og:title\" content=\"L\u2019\u0153uvre d&#039;art &quot;Chemin de vie&quot; - Le 6 Espace Rencontre et Initiatives\" \/>\n<meta property=\"og:description\" content=\"Connaissez vous l\u2019\u0153uvre d&rsquo;art qui a \u00e9t\u00e9 mise en place par le collectif \u00ab\u00a0Le sac ma maison\u00a0\u00bb en bas de\" \/>\n<meta property=\"og:url\" content=\"https:\/\/le-6-espace-rencontre-et-initiatives.fr\/index.php\/loeuvre-dart-chemin-de-vie\/\" \/>\n<meta property=\"og:site_name\" content=\"Le 6 Espace Rencontre et Initiatives\" \/>\n<meta property=\"article:publisher\" content=\"https:\/\/www.facebook.com\/espacerencontrele6rennes\" \/>\n<meta property=\"article:modified_time\" content=\"2021-02-20T18:43:35+00:00\" \/>\n<meta property=\"og:image\" content=\"https:\/\/le-6-espace-rencontre-et-initiatives.fr\/wp-content\/uploads\/2021\/02\/Oeuvre-Chemin-de-vie.jpg\" \/>\n<meta name=\"twitter:card\" content=\"summary_large_image\" \/>\n<script type=\"application\/ld+json\" class=\"yoast-schema-graph\">{\"@context\":\"https:\\\/\\\/schema.org\",\"@graph\":[{\"@type\":\"WebPage\",\"@id\":\"https:\\\/\\\/le-6-espace-rencontre-et-initiatives.fr\\\/index.php\\\/loeuvre-dart-chemin-de-vie\\\/\",\"url\":\"https:\\\/\\\/le-6-espace-rencontre-et-initiatives.fr\\\/index.php\\\/loeuvre-dart-chemin-de-vie\\\/\",\"name\":\"L\u2019\u0153uvre d'art \\\"Chemin de vie\\\" - Le 6 Espace Rencontre et Initiatives\",\"isPartOf\":{\"@id\":\"https:\\\/\\\/le-6-espace-rencontre-et-initiatives.fr\\\/#website\"},\"primaryImageOfPage\":{\"@id\":\"https:\\\/\\\/le-6-espace-rencontre-et-initiatives.fr\\\/index.php\\\/loeuvre-dart-chemin-de-vie\\\/#primaryimage\"},\"image\":{\"@id\":\"https:\\\/\\\/le-6-espace-rencontre-et-initiatives.fr\\\/index.php\\\/loeuvre-dart-chemin-de-vie\\\/#primaryimage\"},\"thumbnailUrl\":\"https:\\\/\\\/le-6-espace-rencontre-et-initiatives.fr\\\/wp-content\\\/uploads\\\/2021\\\/02\\\/Oeuvre-Chemin-de-vie.jpg\",\"datePublished\":\"2021-02-20T18:15:11+00:00\",\"dateModified\":\"2021-02-20T18:43:35+00:00\",\"breadcrumb\":{\"@id\":\"https:\\\/\\\/le-6-espace-rencontre-et-initiatives.fr\\\/index.php\\\/loeuvre-dart-chemin-de-vie\\\/#breadcrumb\"},\"inLanguage\":\"fr-FR\",\"potentialAction\":[{\"@type\":\"ReadAction\",\"target\":[\"https:\\\/\\\/le-6-espace-rencontre-et-initiatives.fr\\\/index.php\\\/loeuvre-dart-chemin-de-vie\\\/\"]}]},{\"@type\":\"ImageObject\",\"inLanguage\":\"fr-FR\",\"@id\":\"https:\\\/\\\/le-6-espace-rencontre-et-initiatives.fr\\\/index.php\\\/loeuvre-dart-chemin-de-vie\\\/#primaryimage\",\"url\":\"https:\\\/\\\/le-6-espace-rencontre-et-initiatives.fr\\\/wp-content\\\/uploads\\\/2021\\\/02\\\/Oeuvre-Chemin-de-vie.jpg\",\"contentUrl\":\"https:\\\/\\\/le-6-espace-rencontre-et-initiatives.fr\\\/wp-content\\\/uploads\\\/2021\\\/02\\\/Oeuvre-Chemin-de-vie.jpg\",\"width\":617,\"height\":549,\"caption\":\"Photo de l'oeuvre \\\"Chemin de vie\\\" en bas de la place des Lices\"},{\"@type\":\"BreadcrumbList\",\"@id\":\"https:\\\/\\\/le-6-espace-rencontre-et-initiatives.fr\\\/index.php\\\/loeuvre-dart-chemin-de-vie\\\/#breadcrumb\",\"itemListElement\":[{\"@type\":\"ListItem\",\"position\":1,\"name\":\"Accueil\",\"item\":\"https:\\\/\\\/le-6-espace-rencontre-et-initiatives.fr\\\/\"},{\"@type\":\"ListItem\",\"position\":2,\"name\":\"L\u2019\u0153uvre d&rsquo;art \u00ab\u00a0Chemin de vie\u00a0\u00bb\"}]},{\"@type\":\"WebSite\",\"@id\":\"https:\\\/\\\/le-6-espace-rencontre-et-initiatives.fr\\\/#website\",\"url\":\"https:\\\/\\\/le-6-espace-rencontre-et-initiatives.fr\\\/\",\"name\":\"Le 6 Espace Rencontre et Initiatives\",\"description\":\"Ce site pr\u00e9sente une vue d&#039;ensemble de l&#039;histoire et des actions du &quot;6&quot; \u00e0 Rennes\",\"publisher\":{\"@id\":\"https:\\\/\\\/le-6-espace-rencontre-et-initiatives.fr\\\/#organization\"},\"potentialAction\":[{\"@type\":\"SearchAction\",\"target\":{\"@type\":\"EntryPoint\",\"urlTemplate\":\"https:\\\/\\\/le-6-espace-rencontre-et-initiatives.fr\\\/?s={search_term_string}\"},\"query-input\":{\"@type\":\"PropertyValueSpecification\",\"valueRequired\":true,\"valueName\":\"search_term_string\"}}],\"inLanguage\":\"fr-FR\"},{\"@type\":\"Organization\",\"@id\":\"https:\\\/\\\/le-6-espace-rencontre-et-initiatives.fr\\\/#organization\",\"name\":\"Les collectifs du 6\",\"url\":\"https:\\\/\\\/le-6-espace-rencontre-et-initiatives.fr\\\/\",\"logo\":{\"@type\":\"ImageObject\",\"inLanguage\":\"fr-FR\",\"@id\":\"https:\\\/\\\/le-6-espace-rencontre-et-initiatives.fr\\\/#\\\/schema\\\/logo\\\/image\\\/\",\"url\":\"https:\\\/\\\/le-6-espace-rencontre-et-initiatives.fr\\\/wp-content\\\/uploads\\\/2021\\\/01\\\/Logo-Collectifs-du-6.png\",\"contentUrl\":\"https:\\\/\\\/le-6-espace-rencontre-et-initiatives.fr\\\/wp-content\\\/uploads\\\/2021\\\/01\\\/Logo-Collectifs-du-6.png\",\"width\":336,\"height\":342,\"caption\":\"Les collectifs du 6\"},\"image\":{\"@id\":\"https:\\\/\\\/le-6-espace-rencontre-et-initiatives.fr\\\/#\\\/schema\\\/logo\\\/image\\\/\"},\"sameAs\":[\"https:\\\/\\\/www.facebook.com\\\/espacerencontrele6rennes\"]}]}<\/script>\n<!-- \/ Yoast SEO plugin. -->","yoast_head_json":{"title":"L\u2019\u0153uvre d'art \"Chemin de vie\" - Le 6 Espace Rencontre et Initiatives","robots":{"index":"index","follow":"follow","max-snippet":"max-snippet:-1","max-image-preview":"max-image-preview:large","max-video-preview":"max-video-preview:-1"},"canonical":"https:\/\/le-6-espace-rencontre-et-initiatives.fr\/index.php\/loeuvre-dart-chemin-de-vie\/","og_locale":"fr_FR","og_type":"article","og_title":"L\u2019\u0153uvre d'art \"Chemin de vie\" - Le 6 Espace Rencontre et Initiatives","og_description":"Connaissez vous l\u2019\u0153uvre d&rsquo;art qui a \u00e9t\u00e9 mise en place par le collectif \u00ab\u00a0Le sac ma maison\u00a0\u00bb en bas de","og_url":"https:\/\/le-6-espace-rencontre-et-initiatives.fr\/index.php\/loeuvre-dart-chemin-de-vie\/","og_site_name":"Le 6 Espace Rencontre et Initiatives","article_publisher":"https:\/\/www.facebook.com\/espacerencontrele6rennes","article_modified_time":"2021-02-20T18:43:35+00:00","og_image":[{"url":"https:\/\/le-6-espace-rencontre-et-initiatives.fr\/wp-content\/uploads\/2021\/02\/Oeuvre-Chemin-de-vie.jpg","type":"","width":"","height":""}],"twitter_card":"summary_large_image","schema":{"@context":"https:\/\/schema.org","@graph":[{"@type":"WebPage","@id":"https:\/\/le-6-espace-rencontre-et-initiatives.fr\/index.php\/loeuvre-dart-chemin-de-vie\/","url":"https:\/\/le-6-espace-rencontre-et-initiatives.fr\/index.php\/loeuvre-dart-chemin-de-vie\/","name":"L\u2019\u0153uvre d'art \"Chemin de vie\" - Le 6 Espace Rencontre et Initiatives","isPartOf":{"@id":"https:\/\/le-6-espace-rencontre-et-initiatives.fr\/#website"},"primaryImageOfPage":{"@id":"https:\/\/le-6-espace-rencontre-et-initiatives.fr\/index.php\/loeuvre-dart-chemin-de-vie\/#primaryimage"},"image":{"@id":"https:\/\/le-6-espace-rencontre-et-initiatives.fr\/index.php\/loeuvre-dart-chemin-de-vie\/#primaryimage"},"thumbnailUrl":"https:\/\/le-6-espace-rencontre-et-initiatives.fr\/wp-content\/uploads\/2021\/02\/Oeuvre-Chemin-de-vie.jpg","datePublished":"2021-02-20T18:15:11+00:00","dateModified":"2021-02-20T18:43:35+00:00","breadcrumb":{"@id":"https:\/\/le-6-espace-rencontre-et-initiatives.fr\/index.php\/loeuvre-dart-chemin-de-vie\/#breadcrumb"},"inLanguage":"fr-FR","potentialAction":[{"@type":"ReadAction","target":["https:\/\/le-6-espace-rencontre-et-initiatives.fr\/index.php\/loeuvre-dart-chemin-de-vie\/"]}]},{"@type":"ImageObject","inLanguage":"fr-FR","@id":"https:\/\/le-6-espace-rencontre-et-initiatives.fr\/index.php\/loeuvre-dart-chemin-de-vie\/#primaryimage","url":"https:\/\/le-6-espace-rencontre-et-initiatives.fr\/wp-content\/uploads\/2021\/02\/Oeuvre-Chemin-de-vie.jpg","contentUrl":"https:\/\/le-6-espace-rencontre-et-initiatives.fr\/wp-content\/uploads\/2021\/02\/Oeuvre-Chemin-de-vie.jpg","width":617,"height":549,"caption":"Photo de l'oeuvre \"Chemin de vie\" en bas de la place des Lices"},{"@type":"BreadcrumbList","@id":"https:\/\/le-6-espace-rencontre-et-initiatives.fr\/index.php\/loeuvre-dart-chemin-de-vie\/#breadcrumb","itemListElement":[{"@type":"ListItem","position":1,"name":"Accueil","item":"https:\/\/le-6-espace-rencontre-et-initiatives.fr\/"},{"@type":"ListItem","position":2,"name":"L\u2019\u0153uvre d&rsquo;art \u00ab\u00a0Chemin de vie\u00a0\u00bb"}]},{"@type":"WebSite","@id":"https:\/\/le-6-espace-rencontre-et-initiatives.fr\/#website","url":"https:\/\/le-6-espace-rencontre-et-initiatives.fr\/","name":"Le 6 Espace Rencontre et Initiatives","description":"Ce site pr\u00e9sente une vue d&#039;ensemble de l&#039;histoire et des actions du &quot;6&quot; \u00e0 Rennes","publisher":{"@id":"https:\/\/le-6-espace-rencontre-et-initiatives.fr\/#organization"},"potentialAction":[{"@type":"SearchAction","target":{"@type":"EntryPoint","urlTemplate":"https:\/\/le-6-espace-rencontre-et-initiatives.fr\/?s={search_term_string}"},"query-input":{"@type":"PropertyValueSpecification","valueRequired":true,"valueName":"search_term_string"}}],"inLanguage":"fr-FR"},{"@type":"Organization","@id":"https:\/\/le-6-espace-rencontre-et-initiatives.fr\/#organization","name":"Les collectifs du 6","url":"https:\/\/le-6-espace-rencontre-et-initiatives.fr\/","logo":{"@type":"ImageObject","inLanguage":"fr-FR","@id":"https:\/\/le-6-espace-rencontre-et-initiatives.fr\/#\/schema\/logo\/image\/","url":"https:\/\/le-6-espace-rencontre-et-initiatives.fr\/wp-content\/uploads\/2021\/01\/Logo-Collectifs-du-6.png","contentUrl":"https:\/\/le-6-espace-rencontre-et-initiatives.fr\/wp-content\/uploads\/2021\/01\/Logo-Collectifs-du-6.png","width":336,"height":342,"caption":"Les collectifs du 6"},"image":{"@id":"https:\/\/le-6-espace-rencontre-et-initiatives.fr\/#\/schema\/logo\/image\/"},"sameAs":["https:\/\/www.facebook.com\/espacerencontrele6rennes"]}]}},"_links":{"self":[{"href":"https:\/\/le-6-espace-rencontre-et-initiatives.fr\/index.php\/wp-json\/wp\/v2\/pages\/106","targetHints":{"allow":["GET"]}}],"collection":[{"href":"https:\/\/le-6-espace-rencontre-et-initiatives.fr\/index.php\/wp-json\/wp\/v2\/pages"}],"about":[{"href":"https:\/\/le-6-espace-rencontre-et-initiatives.fr\/index.php\/wp-json\/wp\/v2\/types\/page"}],"author":[{"embeddable":true,"href":"https:\/\/le-6-espace-rencontre-et-initiatives.fr\/index.php\/wp-json\/wp\/v2\/users\/1"}],"replies":[{"embeddable":true,"href":"https:\/\/le-6-espace-rencontre-et-initiatives.fr\/index.php\/wp-json\/wp\/v2\/comments?post=106"}],"version-history":[{"count":0,"href":"https:\/\/le-6-espace-rencontre-et-initiatives.fr\/index.php\/wp-json\/wp\/v2\/pages\/106\/revisions"}],"wp:attachment":[{"href":"https:\/\/le-6-espace-rencontre-et-initiatives.fr\/index.php\/wp-json\/wp\/v2\/media?parent=106"}],"curies":[{"name":"wp","href":"https:\/\/api.w.org\/{rel}","templated":true}]}}